{"id":6358,"date":"2026-05-13T10:11:35","date_gmt":"2026-05-13T03:11:35","guid":{"rendered":"https:\/\/avatar.com.vn\/?page_id=6358"},"modified":"2026-05-13T14:52:16","modified_gmt":"2026-05-13T07:52:16","slug":"phan-mem-doanh-nghiep-v2","status":"publish","type":"page","link":"https:\/\/avatar.com.vn\/en\/phan-mem-doanh-nghiep-v2\/","title":{"rendered":"Ph\u1ea7n m\u1ec1m doanh nghi\u1ec7p V2"},"content":{"rendered":"\t\t<div data-elementor-type=\"wp-page\" data-elementor-id=\"6358\" class=\"elementor elementor-6358\" data-elementor-post-type=\"page\">\n\t\t\t\t\t\t<section class=\"elementor-section elementor-top-section elementor-element elementor-element-1bdaf46 elementor-section-full_width elementor-section-height-default elementor-section-height-default\" data-id=\"1bdaf46\" data-element_type=\"section\" data-settings=\"{&quot;jet_parallax_layout_list&quot;:[],&quot;background_background&quot;:&quot;classic&quot;}\">\n\t\t\t\t\t\t<div class=\"elementor-container elementor-column-gap-default\">\n\t\t\t\t\t<div class=\"elementor-column elementor-col-100 elementor-top-column elementor-element elementor-element-92e359d\" data-id=\"92e359d\" data-element_type=\"column\">\n\t\t\t<div class=\"elementor-widget-wrap elementor-element-populated\">\n\t\t\t\t\t\t<div class=\"elementor-element elementor-element-6e4b84e elementor-widget elementor-widget-html\" data-id=\"6e4b84e\" data-element_type=\"widget\" data-widget_type=\"html.default\">\n\t\t\t\t\t<section class=\"avatar-fixed-section\">\n  <style>\n    .avatar-fixed-section {\n      width: 100%;\n      overflow: hidden;\n      font-family: Arial, sans-serif;\n      background: #4132ff;\n      color: #fff;\n    }\n\n    .avatar-fixed-section * {\n      box-sizing: border-box;\n    }\n\n    .avatar-hero {\n      position: relative;\n      min-height: 435px;\n      padding: 50px 20px 50px;\n      text-align: center;\n      background:\n        linear-gradient(to bottom,\n          rgba(32, 42, 220, 0.2),\n          rgba(45, 36, 255, 0.65)),\n        url(\"https:\/\/avatar.com.vn\/wp-content\/uploads\/2026\/05\/PhanMemDoanhNghiep_01-scaled.webp\");\n      background-size: cover;\n      background-position: center top;\n    }\n\n    .avatar-logo {\n      display: block;\n      width: 150px;\n      max-width: 45%;\n      margin: 0 auto 30px;\n    }\n\n    .avatar-desc {\n      max-width: 1020px;\n      margin: 0 auto 85px;\n      font-size: 13px;\n      line-height: 1.45;\n      font-weight: 700;\n      color: #fff;\n    }\n\n    .avatar-services {\n      position: relative;\n      z-index: 2;\n      max-width: 700px;\n      margin: 0 auto;\n      display: grid;\n      grid-template-columns: repeat(2, 1fr);\n      gap: 14px 16px;\n    }\n\n    .avatar-service-item {\n      min-height: 66px;\n      padding: 16px 28px;\n      border-radius: 999px;\n      background: linear-gradient(180deg, #dce7ff 0%, #9fbfff 100%);\n      color: #08275b;\n      font-size: 13px;\n      font-weight: 700;\n      line-height: 1.35;\n      display: flex;\n      align-items: center;\n      justify-content: center;\n      box-shadow:\n        0 7px 13px rgba(0, 0, 0, 0.28),\n        inset 0 1px 0 rgba(255, 255, 255, 0.8);\n    }\n\n    .avatar-tech {\n      position: relative;\n      margin-top: -1px;\n      padding: 18px 8px 52px;\n      background:\n        linear-gradient(to bottom,\n          rgba(45, 53, 255, 0.88),\n          rgba(13, 42, 168, 0.28)),\n        url(\"https:\/\/avatar.com.vn\/wp-content\/uploads\/2026\/05\/PhanMemDoanhNghiep_02.webp\");\n      background-size: cover;\n      background-position: center bottom;\n    }\n\n    .avatar-tech-title-wrap {\n      position: relative;\n      max-width: 1600px;\n      margin: 0 auto 26px;\n      padding-left: 105px;\n    }\n\n    .avatar-tech-title-shadow {\n      position: absolute;\n      left: 125px;\n      top: -30px;\n\n      font-size: 42px;\n      line-height: 1;\n      font-weight: 1000;\n\n      color: rgba(3, 21, 104, 0.18);\n\n      white-space: nowrap;\n      pointer-events: none;\n    }\n\n    .avatar-tech-title {\n      position: relative;\n      z-index: 2;\n      margin: 0;\n\n      color: #071a78;\n      font-size: 32px;\n      line-height: 1;\n      font-weight: 1000;\n\n      letter-spacing: 1px;\n      text-transform: uppercase;\n\n      -webkit-text-stroke: 1px #071a78;\n    }\n\n    .avatar-card-row {\n      width: 100%;\n      max-width: 1600px;\n\n      margin: 0 auto;\n      padding: 0 40px;\n\n      display: grid;\n      grid-template-columns: repeat(5, 1fr);\n      gap: 10px;\n    }\n\n    .avatar-card {\n      position: relative;\n      height: 220px;\n      overflow: hidden;\n      background: #000;\n      cursor: pointer;\n    }\n\n    .avatar-card-image {\n      width: 100%;\n      height: 100%;\n      object-fit: cover;\n      display: block;\n      transition: transform 0.4s ease;\n    }\n\n    .avatar-card:hover .avatar-card-image {\n      transform: scale(1.05);\n    }\n\n    .avatar-card-overlay {\n      position: absolute;\n      inset: 0;\n      z-index: 2;\n      padding: 16px;\n      background: rgba(0, 0, 0, 0);\n\n      opacity: 0;\n      transition: all 0.35s ease;\n    }\n\n    .avatar-card:hover .avatar-card-overlay {\n      opacity: 1;\n      background: rgba(0, 0, 0, 0.72);\n    }\n\n    .avatar-card-icon {\n      position: absolute;\n      top: 16px;\n      right: 16px;\n\n      width: 22px !important;\n      height: 22px !important;\n\n      max-width: 22px !important;\n      max-height: 22px !important;\n\n      object-fit: contain;\n      display: block;\n\n      transform: translateY(-10px);\n      transition: all 0.35s ease;\n    }\n\n    .avatar-card-title {\n      position: absolute;\n      left: 16px;\n      bottom: 16px;\n\n      color: #fff;\n      font-size: 13px;\n      font-weight: 700;\n      line-height: 1.4;\n\n      transform: translateY(10px);\n      transition: all 0.35s ease;\n    }\n\n    .avatar-card:hover .avatar-card-icon,\n    .avatar-card:hover .avatar-card-title {\n      transform: translateY(0);\n    }\n\n    @media (max-width: 900px) {\n      .avatar-services {\n        grid-template-columns: 1fr;\n        max-width: 520px;\n      }\n\n      .avatar-desc {\n        margin-bottom: 45px;\n      }\n\n      .avatar-card-row {\n        grid-template-columns: repeat(2, 1fr);\n      }\n\n      .avatar-tech-title-wrap {\n        padding-left: 15px;\n      }\n\n      .avatar-tech-title-shadow {\n        left: 20px;\n        font-size: 30px;\n      }\n    }\n\n    @media (max-width: 520px) {\n      .avatar-hero {\n        padding-top: 28px;\n      }\n\n      .avatar-logo {\n        width: 130px;\n      }\n\n      .avatar-desc {\n        font-size: 12px;\n      }\n\n      .avatar-service-item {\n        min-height: 58px;\n        padding: 14px 20px;\n        font-size: 12px;\n      }\n\n      .avatar-card-row {\n        grid-template-columns: 1fr;\n      }\n\n      .avatar-card {\n        height: 210px;\n      }\n\n      .avatar-tech-title,\n      .avatar-tech-title-shadow {\n        font-size: 24px;\n      }\n    }\n  <\/style>\n\n  <div class=\"avatar-hero\">\n    <img decoding=\"async\" class=\"avatar-logo\" src=\"https:\/\/avatar.com.vn\/wp-content\/uploads\/2026\/05\/avatar-full-white.webp\"\n      alt=\"Avatar Logo\" \/>\n\n    <div class=\"avatar-desc\">\n      Ti\u00eau ch\u00ed ph\u00e1t tri\u1ec3n c\u1ee7a ch\u00fang t\u00f4i l\u00e0 \u0111\u1eb7t l\u1ee3i \u00edch c\u1ee7a kh\u00e1ch h\u00e0ng l\u00e0m tr\u1ecdng t\u00e2m h\u01b0\u1edbng \u0111\u1ebfn t\u1ea1o n\u00ean c\u00e1c gi\u00e1 tr\u1ecb m\u1edbi\n      cho Kh\u00e1ch h\u00e0ng th\u00f4ng qua s\u1ef1 n\u1ed7 l\u1ef1c, t\u1eadn t\u00e2m trong vi\u1ec7c cung c\u1ea5p s\u1ea3n ph\u1ea9m, d\u1ecbch v\u1ee5 tr\u00ean n\u1ec1n t\u1ea3ng c\u00f4ng ngh\u1ec7 hi\u1ec7n \u0111\u1ea1i\n      \u0111\u1ea1t ti\u00eau chu\u1ea9n qu\u1ed1c t\u1ebf.\n    <\/div>\n\n    <div class=\"avatar-services\">\n      <div class=\"avatar-service-item\">D\u1ecbch v\u1ee5 t\u01b0 v\u1ea5n gi\u1ea3i ph\u00e1p ph\u1ea7n m\u1ec1m<\/div>\n      <div class=\"avatar-service-item\">D\u1ecbch v\u1ee5 thi\u1ebft k\u1ebf v\u00e0 tri\u1ec3n khai ph\u1ea7n m\u1ec1m<\/div>\n      <div class=\"avatar-service-item\">D\u1ecbch v\u1ee5 h\u1ed7 tr\u1ee3, b\u1ea3o tr\u00ec, t\u00edch h\u1ee3p v\u00e0 n\u00e2ng c\u1ea5p ph\u1ea7n m\u1ec1m<\/div>\n      <div class=\"avatar-service-item\">D\u1ecbch v\u1ee5 tri\u1ec3n khai h\u1ea1 t\u1ea7ng CNTT cho gi\u1ea3i ph\u00e1p ph\u1ea7n m\u1ec1m doanh nghi\u1ec7p<\/div>\n    <\/div>\n  <\/div>\n\n  <div class=\"avatar-tech\">\n    <div class=\"avatar-tech-title-wrap\">\n      <div class=\"avatar-tech-title-shadow\">C\u00d4NG NGH\u1ec6 TI\u00caN PHONG<\/div>\n      <h2 class=\"avatar-tech-title\">C\u00d4NG NGH\u1ec6 TI\u00caN PHONG<\/h1>\n    <\/div>\n\n    <div class=\"avatar-card-row\">\n      <div class=\"avatar-card\">\n        <img decoding=\"async\" class=\"avatar-card-image\" src=\"https:\/\/avatar.com.vn\/wp-content\/uploads\/2026\/05\/Picture1.webp\"\n          alt=\"Big Data - Data Lake\" \/>\n        <div class=\"avatar-card-overlay\">\n          <img decoding=\"async\" class=\"avatar-card-icon\"\n            src=\"https:\/\/avatar.com.vn\/wp-content\/uploads\/2026\/05\/PhanMemDoanhNghiep_03.webp\" alt=\"icon\" \/>\n          <div class=\"avatar-card-title\">Big Data - Data Lake<\/div>\n        <\/div>\n      <\/div>\n\n      <div class=\"avatar-card\">\n        <img decoding=\"async\" class=\"avatar-card-image\" src=\"https:\/\/avatar.com.vn\/wp-content\/uploads\/2026\/05\/Picture2.webp\" alt=\"IoT\" \/>\n        <div class=\"avatar-card-overlay\">\n          <img decoding=\"async\" class=\"avatar-card-icon\"\n            src=\"https:\/\/avatar.com.vn\/wp-content\/uploads\/2026\/05\/PhanMemDoanhNghiep_03.webp\" alt=\"icon\" \/>\n          <div class=\"avatar-card-title\">IoT<\/div>\n        <\/div>\n      <\/div>\n\n      <div class=\"avatar-card\">\n        <img decoding=\"async\" class=\"avatar-card-image\" src=\"https:\/\/avatar.com.vn\/wp-content\/uploads\/2026\/05\/Picture3.webp\"\n          alt=\"Blockchain\" \/>\n        <div class=\"avatar-card-overlay\">\n          <img decoding=\"async\" class=\"avatar-card-icon\"\n            src=\"https:\/\/avatar.com.vn\/wp-content\/uploads\/2026\/05\/PhanMemDoanhNghiep_03.webp\" alt=\"icon\" \/>\n          <div class=\"avatar-card-title\">Blockchain<\/div>\n        <\/div>\n      <\/div>\n\n      <div class=\"avatar-card\">\n        <img decoding=\"async\" class=\"avatar-card-image\" src=\"https:\/\/avatar.com.vn\/wp-content\/uploads\/2026\/05\/Picture4.webp\"\n          alt=\"Security - Backup\" \/>\n        <div class=\"avatar-card-overlay\">\n          <img decoding=\"async\" class=\"avatar-card-icon\"\n            src=\"https:\/\/avatar.com.vn\/wp-content\/uploads\/2026\/05\/PhanMemDoanhNghiep_03.webp\" alt=\"icon\" \/>\n          <div class=\"avatar-card-title\">Security - Backup<\/div>\n        <\/div>\n      <\/div>\n\n      <div class=\"avatar-card\">\n        <img decoding=\"async\" class=\"avatar-card-image\"\n          src=\"https:\/\/avatar.com.vn\/wp-content\/uploads\/2026\/05\/Image-from-FreeConvert.webp\" alt=\"AI\" \/>\n        <div class=\"avatar-card-overlay\">\n          <img decoding=\"async\" class=\"avatar-card-icon\"\n            src=\"https:\/\/avatar.com.vn\/wp-content\/uploads\/2026\/05\/PhanMemDoanhNghiep_03.webp\" alt=\"icon\" \/>\n          <div class=\"avatar-card-title\">AI<\/div>\n        <\/div>\n      <\/div>\n    <\/div>\n  <\/div>\n<\/section>\t\t\t\t<\/div>\n\t\t\t\t\t<\/div>\n\t\t<\/div>\n\t\t\t\t\t<\/div>\n\t\t<\/section>\n\t\t\t\t<section class=\"elementor-section elementor-top-section elementor-element elementor-element-111810c elementor-section-full_width elementor-section-height-default elementor-section-height-default\" data-id=\"111810c\" data-element_type=\"section\" data-settings=\"{&quot;jet_parallax_layout_list&quot;:[]}\">\n\t\t\t\t\t\t<div class=\"elementor-container elementor-column-gap-default\">\n\t\t\t\t\t<div class=\"elementor-column elementor-col-100 elementor-top-column elementor-element elementor-element-aa59af0\" data-id=\"aa59af0\" data-element_type=\"column\">\n\t\t\t<div class=\"elementor-widget-wrap elementor-element-populated\">\n\t\t\t\t\t\t<div class=\"elementor-element elementor-element-8e3c806 elementor-widget elementor-widget-html\" data-id=\"8e3c806\" data-element_type=\"widget\" data-widget_type=\"html.default\">\n\t\t\t\t\t<section class=\"avatar-tech-detail-section\">\n  <style>\n    .avatar-tech-detail-section {\n      width: 100%;\n      padding: 70px 7vw 70px;\n      background: #dbe4ff;\n      font-family: Arial, sans-serif;\n      color: #000;\n      overflow: hidden;\n    }\n\n    .avatar-tech-detail-section * {\n      box-sizing: border-box;\n    }\n\n    .avatar-tech-detail-grid {\n      display: grid;\n      grid-template-columns: repeat(3, 1fr);\n      gap: 70px 110px;\n      max-width: 1200px;\n      margin: 0 auto;\n    }\n\n    .avatar-tech-detail-item {\n      min-height: 125px;\n    }\n\n    .avatar-tech-number {\n      margin-bottom: 6px;\n      color: rgba(75, 112, 255, 0.25);\n      font-size: 28px;\n      line-height: 1;\n      font-weight: 900;\n    }\n\n    .avatar-tech-name {\n      margin: 0 0 10px;\n      color: #0000cc;\n      font-size: 20px;\n      line-height: 1.2;\n      font-weight: 800;\n    }\n\n    .avatar-tech-text {\n      margin: 0;\n      max-width: 260px;\n      color: #000;\n      font-size: 18px;\n      line-height: 1.45;\n    }\n\n    .avatar-tech-line {\n      position: relative;\n    }\n\n    .avatar-tech-line::before {\n      content: \"\";\n      position: absolute;\n      top: -18px;\n      right: 0;\n      width: 110px;\n      height: 1px;\n      background: #243cff;\n    }\n\n    @media (max-width: 900px) {\n      .avatar-tech-detail-grid {\n        grid-template-columns: repeat(2, 1fr);\n        gap: 45px 50px;\n      }\n    }\n\n    @media (max-width: 520px) {\n      .avatar-tech-detail-section {\n        padding: 35px 24px 55px;\n      }\n\n      .avatar-tech-detail-grid {\n        grid-template-columns: 1fr;\n        gap: 34px;\n      }\n\n      .avatar-tech-text {\n        max-width: 100%;\n      }\n\n      .avatar-tech-line::before {\n        display: none;\n      }\n    }\n  <\/style>\n\n  <div class=\"avatar-tech-detail-grid\">\n    <div class=\"avatar-tech-detail-item\">\n      <div class=\"avatar-tech-number\">01.<\/div>\n      <h3 class=\"avatar-tech-name\">Big Data - Data Lake<\/h3>\n      <p class=\"avatar-tech-text\">\n        Data Lake - kho l\u01b0u tr\u1eef t\u1eadp trung \u0111\u01b0\u1ee3c thi\u1ebft k\u1ebf \u0111\u1ec3 l\u01b0u tr\u1eef, x\u1eed l\u00fd v\u00e0 b\u1ea3o m\u1eadt d\u1eef li\u1ec7u\n      <\/p>\n    <\/div>\n\n    <div class=\"avatar-tech-detail-item\">\n      <div class=\"avatar-tech-number\">02.<\/div>\n      <h3 class=\"avatar-tech-name\">IoT<\/h3>\n      <p class=\"avatar-tech-text\">\n        H\u1ec7 th\u1ed1ng qu\u1ea3n l\u00fd & v\u1eadn h\u00e0nh thi\u1ebft b\u1ecb th\u00f4ng minh m\u1edf r\u1ed9ng s\u1ee9c m\u1ea1nh c\u1ee7a internet v\u01b0\u1ee3t ra ngo\u00e0i kh\u1ed1i ph\u1ea1m vi m\u00e1y t\u00ednh v\u00e0 \u0111i\u1ec7n tho\u1ea1i th\u00f4ng minh, k\u1ebft n\u1ed1i t\u1edbi v\u1ea1n v\u1eadt, c\u00e1c quy tr\u00ecnh v\u00e0 m\u00f4i tr\u01b0\u1eddng kh\u00e1c.\n      <\/p>\n    <\/div>\n\n    <div class=\"avatar-tech-detail-item avatar-tech-line\">\n      <div class=\"avatar-tech-number\">03.<\/div>\n      <h3 class=\"avatar-tech-name\">Blockchain<\/h3>\n      <p class=\"avatar-tech-text\">\n        \u1ee8ng d\u1ee5ng c\u00f4ng ngh\u1ec7 blockchain v\u00e0o h\u1ec7 th\u1ed1ng qu\u1ea3n l\u00fd v\u00e0 x\u00e1c minh h\u1ed3 s\u01a1 ng\u00e0nh nh\u00e2n s\u1ef1\n      <\/p>\n    <\/div>\n\n    <div class=\"avatar-tech-detail-item\">\n      <div class=\"avatar-tech-number\">04.<\/div>\n      <h3 class=\"avatar-tech-name\">Security - Backup<\/h3>\n      <p class=\"avatar-tech-text\">\n        C\u00f4ng ngh\u1ec7 b\u1ea3o m\u1eadt, m\u00e3 h\u00f3a v\u00e0 sao l\u01b0u d\u1eef li\u1ec7u c\u1ee7a c\u00e1c \u0111\u1ed1i t\u00e1c c\u00f4ng t\u00e1c c\u00f4ng ngh\u1ec7 h\u00e0ng \u0111\u1ea7u tr\u00ean th\u1ebf gi\u1edbi. Gi\u00fap \u0111\u1ea3m b\u1ea3o An to\u00e0n v\u00e0 To\u00e0n v\u1eb9n d\u1eef li\u1ec7u nh\u01b0: Oracle, NetApp, HPE, Sophos.\n      <\/p>\n    <\/div>\n\n    <div class=\"avatar-tech-detail-item\">\n      <div class=\"avatar-tech-number\">05.<\/div>\n      <h3 class=\"avatar-tech-name\">AI<\/h3>\n      <p class=\"avatar-tech-text\">\n        Ch\u00eca kho\u00e1 c\u00f4ng ngh\u1ec7 \u0111\u01b0\u1ee3c quan t\u00e2m b\u1eadc nh\u1ea5t hi\u1ec7n nay, \u1ee9ng d\u1ee5ng trong nhi\u1ec1u l\u0129nh v\u1ef1c; nh\u1eadn d\u1ea1ng khu\u00f4n m\u1eb7t, x\u1eed l\u00fd gi\u1ecdng n\u00f3i, k\u1ef9 thu\u1eadt \u01b0\u1edbc t\u00ednh \u0111\u00e1m \u0111\u00f4ng ... \u0111\u1ebfn c\u00e1c h\u1ec7 th\u1ed1ng an ninh, b\u1ea3o m\u1eadt, hay h\u1ec7 th\u1ed1ng ph\u00e1p lu\u1eadt, ch\u00ednh ph\u1ee7.\n      <\/p>\n    <\/div>\n  <\/div>\n<\/section>\t\t\t\t<\/div>\n\t\t\t\t\t<\/div>\n\t\t<\/div>\n\t\t\t\t\t<\/div>\n\t\t<\/section>\n\t\t\t\t<section class=\"elementor-section elementor-top-section elementor-element elementor-element-90bface elementor-section-full_width elementor-section-height-default elementor-section-height-default\" data-id=\"90bface\" data-element_type=\"section\" data-settings=\"{&quot;jet_parallax_layout_list&quot;:[]}\">\n\t\t\t\t\t\t<div class=\"elementor-container elementor-column-gap-default\">\n\t\t\t\t\t<div class=\"elementor-column elementor-col-100 elementor-top-column elementor-element elementor-element-4287d35\" data-id=\"4287d35\" data-element_type=\"column\">\n\t\t\t<div class=\"elementor-widget-wrap elementor-element-populated\">\n\t\t\t\t\t\t<div class=\"elementor-element elementor-element-d8a9f4f elementor-widget elementor-widget-html\" data-id=\"d8a9f4f\" data-element_type=\"widget\" data-widget_type=\"html.default\">\n\t\t\t\t\t<section class=\"avatar-product-section\">\n  <style>\n    .avatar-product-section {\n      width: 100%;\n      padding: 16px 20px 70px;\n      background: #4b35ff;\n      font-family: Arial, sans-serif;\n      color: #fff;\n      overflow: hidden;\n    }\n\n    .avatar-product-section * {\n      box-sizing: border-box;\n    }\n\n    .avatar-product-title {\n      margin: 28px 0 28px;\n      text-align: center;\n      color: #aebcff;\n      font-size: 24px;\n      line-height: 1.2;\n      font-weight: 900;\n      text-transform: uppercase;\n    }\n\n    .avatar-product-grid {\n      max-width: 1080px;\n      margin: 0 auto;\n      display: grid;\n      grid-template-columns: repeat(3, 1fr);\n      gap: 34px 18px;\n    }\n\n    .avatar-product-card {\n      min-height: 110px;\n      padding: 0 12px 18px;\n      border-radius: 4px;\n      background: linear-gradient(to bottom,\n          #0700b8 0%,\n          #1116ff 28%,\n          rgba(30, 45, 255, 0.15) 100%);\n      overflow: hidden;\n    }\n\n    .avatar-product-name {\n      margin: 0 -12px 10px;\n      padding: 4px 10px 5px;\n      text-align: center;\n      background: #05009f;\n      color: #fff;\n      font-size: 16px;\n      line-height: 1.1;\n      font-weight: 900;\n    }\n\n    .avatar-product-text {\n      margin: 0;\n      color: #fff;\n      font-size: 18px;\n      line-height: 1.4;\n    }\n\n    .avatar-product-text b {\n      font-weight: 900;\n      text-shadow: 0 1px 2px rgba(0, 0, 0, 0.35);\n    }\n\n    .avatar-product-button {\n      display: inline-flex;\n      align-items: center;\n      gap: 8px;\n      margin-top: 16px;\n      padding: 0;\n      background: transparent;\n      border: none;\n      color: #dbe2ff;\n      font-size: 15px;\n      font-weight: 700;\n      text-decoration: none;\n      transition: all 0.25s ease;\n    }\n\n    .avatar-product-button::after {\n      content: \"\u2192\";\n      font-size: 18px;\n      transition: transform 0.25s ease;\n    }\n\n    .avatar-product-button:hover {\n      color: #ffffff;\n    }\n\n    .avatar-product-button:hover::after {\n      transform: translateX(4px);\n    }\n\n    @media (max-width: 900px) {\n      .avatar-product-grid {\n        max-width: 680px;\n        grid-template-columns: repeat(2, 1fr);\n      }\n    }\n\n    @media (max-width: 520px) {\n      .avatar-product-section {\n        padding: 28px 18px 55px;\n      }\n\n      .avatar-product-title {\n        font-size: 22px;\n      }\n\n      .avatar-product-grid {\n        grid-template-columns: 1fr;\n        gap: 18px;\n      }\n\n      .avatar-product-card {\n        min-height: 105px;\n      }\n    }\n  <\/style>\n\n  <h2 class=\"avatar-product-title\">H\u1ec6 SINH TH\u00c1I S\u1ea2N PH\u1ea8M<\/h2>\n\n  <div class=\"avatar-product-grid\">\n    <div class=\"avatar-product-card\">\n      <h3 class=\"avatar-product-name\">CPA<\/h3>\n\n      <p class=\"avatar-product-text\">\n        <b>Core Point Analytics<\/b>: H\u1ec7 th\u1ed1ng ph\u1ea7n m\u1ec1m theo d\u00f5i gi\u00e1m s\u00e1t, th\u1ef1c hi\u1ec7n,\n        k\u1ebft qu\u1ea3 ho\u1ea1t \u0111\u1ed9ng c\u00f4ng ty b\u1eb1ng b\u00e1o c\u00e1o bi\u1ec3u \u0111\u1ed3, chart,... v\u00e0 t\u00ednh k\u1ebft qu\u1ea3\n        c\u00e1c ch\u1ec9 ti\u00eau KPIs c\u1ee7a c\u00f4ng ty\n      <\/p>\n\n      <a class=\"avatar-product-button\" href=\"https:\/\/avatar.com.vn\/san-pham\/phan-mem-doanh-nghiep\/quan-ly-kpi\/\">\n        Xem chi ti\u1ebft\n      <\/a>\n    <\/div>\n\n    <div class=\"avatar-product-card\">\n      <h3 class=\"avatar-product-name\">HRP<\/h3>\n      <p class=\"avatar-product-text\">\n        <b>HRM and Payroll<\/b>: H\u1ec7 th\u1ed1ng ph\u1ea7n m\u1ec1m qu\u1ea3n l\u00fd nh\u00e2n s\u1ef1, ch\u1ea5m c\u00f4ng v\u00e0 ti\u1ec1n l\u01b0\u01a1ng.\n      <\/p>\n    <\/div>\n\n    <div class=\"avatar-product-card\">\n      <h3 class=\"avatar-product-name\">CCS<\/h3>\n      <p class=\"avatar-product-text\">\n        <b>Customer Care Software<\/b>: H\u1ec7 th\u1ed1ng ph\u1ea7n m\u1ec1m qu\u1ea3n l\u00fd ch\u0103m s\u00f3c, h\u1ed7 tr\u1ee3 kh\u00e1ch h\u00e0ng.\n      <\/p>\n    <\/div>\n\n    <div class=\"avatar-product-card\">\n      <h3 class=\"avatar-product-name\">DMS<\/h3>\n      <p class=\"avatar-product-text\">\n        <b>Distributions Management Software<\/b>: H\u1ec7 th\u1ed1ng ph\u1ea7n m\u1ec1m v\u00e0 \u1ee9ng d\u1ee5ng qu\u1ea3n l\u00fd k\u00eanh b\u00e1n h\u00e0ng ph\u00e2n ph\u1ed1i.\n      <\/p>\n    <\/div>\n\n    <div class=\"avatar-product-card\">\n      <h3 class=\"avatar-product-name\">ERP<\/h3>\n      <p class=\"avatar-product-text\">\n        <b>Enterprise Resource Planning<\/b>: Ho\u1ea1ch \u0111\u1ecbnh ngu\u1ed3n l\u1ef1c doanh nghi\u1ec7p, h\u1ec7 th\u1ed1ng ph\u1ea7n m\u1ec1m qu\u1ea3n l\u00fd nghi\u1ec7p v\u1ee5\n        doanh nghi\u1ec7p.\n      <\/p>\n    <\/div>\n\n    <div class=\"avatar-product-card\">\n      <h3 class=\"avatar-product-name\">e-POS<\/h3>\n      <p class=\"avatar-product-text\">\n        H\u1ec7 th\u1ed1ng ph\u1ea7n m\u1ec1m qu\u1ea3n l\u00fd chu\u1ed7i b\u00e1n h\u00e0ng FnB, nh\u00e0 h\u00e0ng v\u00e0 kh\u00e1ch s\u1ea1n qua h\u1ec7 th\u1ed1ng POS.\n      <\/p>\n    <\/div>\n\n    <div class=\"avatar-product-card\">\n      <h3 class=\"avatar-product-name\">BMS<\/h3>\n      <p class=\"avatar-product-text\">\n        <b>Building Management Software<\/b>: H\u1ec7 th\u1ed1ng ph\u1ea7n m\u1ec1m qu\u1ea3n l\u00fd c\u01b0 d\u00e2n v\u00e0 d\u1ecbch v\u1ee5 c\u01b0 d\u00e2n t\u00f2a nh\u00e0.\n      <\/p>\n    <\/div>\n\n    <div class=\"avatar-product-card\">\n      <h3 class=\"avatar-product-name\">e-Vouchers<\/h3>\n      <p class=\"avatar-product-text\">\n        <b>e-Vouchers<\/b>: Gi\u1ea3i ph\u00e1p ph\u1ea7n m\u1ec1m, \u1ee9ng d\u1ee5ng qu\u1ea3n l\u00fd v\u00e0 v\u1eadn h\u00e0nh Vouchers c\u00f4ng ty.\n      <\/p>\n    <\/div>\n\n    <div class=\"avatar-product-card\">\n      <h3 class=\"avatar-product-name\">e-Meeting<\/h3>\n      <p class=\"avatar-product-text\">\n        <b>e-Meeting<\/b>: Ph\u1ea7n m\u1ec1m qu\u1ea3n l\u00fd ph\u00f2ng h\u1ecdp online, kh\u00f4ng gi\u1ea5y v\u00e0 t\u00edch h\u1ee3p AI s\u1ed1 h\u00f3a t\u00e0i li\u1ec7u.\n      <\/p>\n    <\/div>\n  <\/div>\n<\/section>\t\t\t\t<\/div>\n\t\t\t\t\t<\/div>\n\t\t<\/div>\n\t\t\t\t\t<\/div>\n\t\t<\/section>\n\t\t\t\t<\/div>\n\t\t","protected":false},"excerpt":{"rendered":"<p>Ti\u00eau ch\u00ed ph\u00e1t tri\u1ec3n c\u1ee7a ch\u00fang t\u00f4i l\u00e0 \u0111\u1eb7t l\u1ee3i \u00edch c\u1ee7a kh\u00e1ch h\u00e0ng l\u00e0m tr\u1ecdng t\u00e2m h\u01b0\u1edbng \u0111\u1ebfn t\u1ea1o n\u00ean c\u00e1c gi\u00e1 tr\u1ecb m\u1edbi cho Kh\u00e1ch h\u00e0ng th\u00f4ng qua s\u1ef1 n\u1ed7 l\u1ef1c, t\u1eadn t\u00e2m trong vi\u1ec7c cung c\u1ea5p s\u1ea3n ph\u1ea9m, d\u1ecbch v\u1ee5 tr\u00ean n\u1ec1n t\u1ea3ng c\u00f4ng ngh\u1ec7 hi\u1ec7n \u0111\u1ea1i \u0111\u1ea1t ti\u00eau chu\u1ea9n qu\u1ed1c t\u1ebf. [&hellip;]<\/p>\n","protected":false},"author":1,"featured_media":0,"parent":0,"menu_order":0,"comment_status":"closed","ping_status":"closed","template":"elementor_header_footer","meta":{"footnotes":""},"class_list":["post-6358","page","type-page","status-publish","hentry"],"_links":{"self":[{"href":"https:\/\/avatar.com.vn\/en\/wp-json\/wp\/v2\/pages\/6358","targetHints":{"allow":["GET"]}}],"collection":[{"href":"https:\/\/avatar.com.vn\/en\/wp-json\/wp\/v2\/pages"}],"about":[{"href":"https:\/\/avatar.com.vn\/en\/wp-json\/wp\/v2\/types\/page"}],"author":[{"embeddable":true,"href":"https:\/\/avatar.com.vn\/en\/wp-json\/wp\/v2\/users\/1"}],"replies":[{"embeddable":true,"href":"https:\/\/avatar.com.vn\/en\/wp-json\/wp\/v2\/comments?post=6358"}],"version-history":[{"count":62,"href":"https:\/\/avatar.com.vn\/en\/wp-json\/wp\/v2\/pages\/6358\/revisions"}],"predecessor-version":[{"id":6450,"href":"https:\/\/avatar.com.vn\/en\/wp-json\/wp\/v2\/pages\/6358\/revisions\/6450"}],"wp:attachment":[{"href":"https:\/\/avatar.com.vn\/en\/wp-json\/wp\/v2\/media?parent=6358"}],"curies":[{"name":"wp","href":"https:\/\/api.w.org\/{rel}","templated":true}]}}